{"id":252,"date":"2024-12-25T19:42:36","date_gmt":"2024-12-25T19:42:36","guid":{"rendered":"https:\/\/brylezbroda.pl\/?page_id=252"},"modified":"2025-09-11T19:22:25","modified_gmt":"2025-09-11T19:22:25","slug":"bryl-2","status":"publish","type":"page","link":"https:\/\/brylezbroda.pl\/","title":{"rendered":"g\u0142\u00f3wna"},"content":{"rendered":"\t\t<div data-elementor-type=\"wp-page\" data-elementor-id=\"252\" class=\"elementor elementor-252\" data-elementor-post-type=\"page\">\n\t\t\t\t<div class=\"elementor-element elementor-element-043930c e-flex e-con-boxed e-con e-parent\" data-id=\"043930c\" data-element_type=\"container\" data-e-type=\"container\">\n\t\t\t\t\t<div class=\"e-con-inner\">\n\t\t<div class=\"elementor-element elementor-element-05d690f e-flex e-con-boxed e-con e-child\" data-id=\"05d690f\" data-element_type=\"container\" data-e-type=\"container\">\n\t\t\t\t\t<div class=\"e-con-inner\">\n\t\t\t\t<div class=\"elementor-element elementor-element-e6113db elementor-widget elementor-widget-image\" data-id=\"e6113db\" data-element_type=\"widget\" data-e-type=\"widget\" data-widget_type=\"image.default\">\n\t\t\t\t<div class=\"elementor-widget-container\">\n\t\t\t\t\t\t\t\t\t\t\t\t\t\t\t\t<a href=\"https:\/\/brylezbroda.pl\">\n\t\t\t\t\t\t\t<img fetchpriority=\"high\" decoding=\"async\" width=\"800\" height=\"693\" src=\"https:\/\/brylezbroda.pl\/wp-content\/uploads\/2024\/10\/Asset-2@3x-8-1024x887.png\" class=\"attachment-large size-large wp-image-25\" alt=\"\" srcset=\"https:\/\/brylezbroda.pl\/wp-content\/uploads\/2024\/10\/Asset-2@3x-8-1024x887.png 1024w, https:\/\/brylezbroda.pl\/wp-content\/uploads\/2024\/10\/Asset-2@3x-8-300x260.png 300w, https:\/\/brylezbroda.pl\/wp-content\/uploads\/2024\/10\/Asset-2@3x-8-768x665.png 768w, https:\/\/brylezbroda.pl\/wp-content\/uploads\/2024\/10\/Asset-2@3x-8-1536x1330.png 1536w, https:\/\/brylezbroda.pl\/wp-content\/uploads\/2024\/10\/Asset-2@3x-8-2048x1774.png 2048w\" sizes=\"(max-width: 800px) 100vw, 800px\" \/>\t\t\t\t\t\t\t\t<\/a>\n\t\t\t\t\t\t\t\t\t\t\t\t\t\t\t<\/div>\n\t\t\t\t<\/div>\n\t\t\t\t\t<\/div>\n\t\t\t\t<\/div>\n\t\t<div class=\"elementor-element elementor-element-741a4fe e-con-full e-flex e-con e-child\" data-id=\"741a4fe\" data-element_type=\"container\" data-e-type=\"container\">\n\t\t\t\t<div class=\"elementor-element elementor-element-d62f012 elementor-align-center elementor-widget elementor-widget-button\" data-id=\"d62f012\" data-element_type=\"widget\" data-e-type=\"widget\" data-widget_type=\"button.default\">\n\t\t\t\t<div class=\"elementor-widget-container\">\n\t\t\t\t\t\t\t\t\t<div class=\"elementor-button-wrapper\">\n\t\t\t\t\t<a class=\"elementor-button elementor-button-link elementor-size-sm\" href=\"https:\/\/booksy.com\/pl-pl\/190602_barber-shop-bryle-z-broda-ramiszow-wroclaw_barber-shop_13750_wroclaw#ba_s=sr_1\">\n\t\t\t\t\t\t<span class=\"elementor-button-content-wrapper\">\n\t\t\t\t\t\t\t\t\t<span class=\"elementor-button-text\">ZAREZERWUJ NA BOOKSY<\/span>\n\t\t\t\t\t<\/span>\n\t\t\t\t\t<\/a>\n\t\t\t\t<\/div>\n\t\t\t\t\t\t\t\t<\/div>\n\t\t\t\t<\/div>\n\t\t\t\t<\/div>\n\t\t<div class=\"elementor-element elementor-element-533dd97 e-con-full e-flex e-con e-child\" data-id=\"533dd97\" data-element_type=\"container\" data-e-type=\"container\">\n\t\t\t\t<div class=\"elementor-element elementor-element-57816e9 elementor-align-center elementor-widget elementor-widget-button\" data-id=\"57816e9\" data-element_type=\"widget\" data-e-type=\"widget\" data-widget_type=\"button.default\">\n\t\t\t\t<div class=\"elementor-widget-container\">\n\t\t\t\t\t\t\t\t\t<div class=\"elementor-button-wrapper\">\n\t\t\t\t\t<a class=\"elementor-button elementor-button-link elementor-size-sm\" href=\"https:\/\/www.facebook.com\/BrylezBroda\">\n\t\t\t\t\t\t<span class=\"elementor-button-content-wrapper\">\n\t\t\t\t\t\t<span class=\"elementor-button-icon\">\n\t\t\t\t<svg aria-hidden=\"true\" class=\"e-font-icon-svg e-fab-facebook-f\" viewBox=\"0 0 320 512\" xmlns=\"http:\/\/www.w3.org\/2000\/svg\"><path d=\"M279.14 288l14.22-92.66h-88.91v-60.13c0-25.35 12.42-50.06 52.24-50.06h40.42V6.26S260.43 0 225.36 0c-73.22 0-121.08 44.38-121.08 124.72v70.62H22.89V288h81.39v224h100.17V288z\"><\/path><\/svg>\t\t\t<\/span>\n\t\t\t\t\t\t\t\t\t<span class=\"elementor-button-text\">FACEBOOK<\/span>\n\t\t\t\t\t<\/span>\n\t\t\t\t\t<\/a>\n\t\t\t\t<\/div>\n\t\t\t\t\t\t\t\t<\/div>\n\t\t\t\t<\/div>\n\t\t\t\t<div class=\"elementor-element elementor-element-08e4af6 elementor-align-center elementor-widget elementor-widget-button\" data-id=\"08e4af6\" data-element_type=\"widget\" data-e-type=\"widget\" data-widget_type=\"button.default\">\n\t\t\t\t<div class=\"elementor-widget-container\">\n\t\t\t\t\t\t\t\t\t<div class=\"elementor-button-wrapper\">\n\t\t\t\t\t<a class=\"elementor-button elementor-button-link elementor-size-sm\" href=\"https:\/\/www.instagram.com\/barbershop_brylezbrodawroclaw\/\">\n\t\t\t\t\t\t<span class=\"elementor-button-content-wrapper\">\n\t\t\t\t\t\t<span class=\"elementor-button-icon\">\n\t\t\t\t<svg aria-hidden=\"true\" class=\"e-font-icon-svg e-fab-instagram\" viewBox=\"0 0 448 512\" xmlns=\"http:\/\/www.w3.org\/2000\/svg\"><path d=\"M224.1 141c-63.6 0-114.9 51.3-114.9 114.9s51.3 114.9 114.9 114.9S339 319.5 339 255.9 287.7 141 224.1 141zm0 189.6c-41.1 0-74.7-33.5-74.7-74.7s33.5-74.7 74.7-74.7 74.7 33.5 74.7 74.7-33.6 74.7-74.7 74.7zm146.4-194.3c0 14.9-12 26.8-26.8 26.8-14.9 0-26.8-12-26.8-26.8s12-26.8 26.8-26.8 26.8 12 26.8 26.8zm76.1 27.2c-1.7-35.9-9.9-67.7-36.2-93.9-26.2-26.2-58-34.4-93.9-36.2-37-2.1-147.9-2.1-184.9 0-35.8 1.7-67.6 9.9-93.9 36.1s-34.4 58-36.2 93.9c-2.1 37-2.1 147.9 0 184.9 1.7 35.9 9.9 67.7 36.2 93.9s58 34.4 93.9 36.2c37 2.1 147.9 2.1 184.9 0 35.9-1.7 67.7-9.9 93.9-36.2 26.2-26.2 34.4-58 36.2-93.9 2.1-37 2.1-147.8 0-184.8zM398.8 388c-7.8 19.6-22.9 34.7-42.6 42.6-29.5 11.7-99.5 9-132.1 9s-102.7 2.6-132.1-9c-19.6-7.8-34.7-22.9-42.6-42.6-11.7-29.5-9-99.5-9-132.1s-2.6-102.7 9-132.1c7.8-19.6 22.9-34.7 42.6-42.6 29.5-11.7 99.5-9 132.1-9s102.7-2.6 132.1 9c19.6 7.8 34.7 22.9 42.6 42.6 11.7 29.5 9 99.5 9 132.1s2.7 102.7-9 132.1z\"><\/path><\/svg>\t\t\t<\/span>\n\t\t\t\t\t\t\t\t\t<span class=\"elementor-button-text\">INSTAGRAM<\/span>\n\t\t\t\t\t<\/span>\n\t\t\t\t\t<\/a>\n\t\t\t\t<\/div>\n\t\t\t\t\t\t\t\t<\/div>\n\t\t\t\t<\/div>\n\t\t\t\t<\/div>\n\t\t\t\t<div class=\"elementor-element elementor-element-a88890a elementor-align-center elementor-widget elementor-widget-button\" data-id=\"a88890a\" data-element_type=\"widget\" data-e-type=\"widget\" data-widget_type=\"button.default\">\n\t\t\t\t<div class=\"elementor-widget-container\">\n\t\t\t\t\t\t\t\t\t<div class=\"elementor-button-wrapper\">\n\t\t\t\t\t<a class=\"elementor-button elementor-button-link elementor-size-sm\" href=\"#opis\">\n\t\t\t\t\t\t<span class=\"elementor-button-content-wrapper\">\n\t\t\t\t\t\t<span class=\"elementor-button-icon\">\n\t\t\t\t<svg aria-hidden=\"true\" class=\"e-font-icon-svg e-fas-angle-double-down\" viewBox=\"0 0 320 512\" xmlns=\"http:\/\/www.w3.org\/2000\/svg\"><path d=\"M143 256.3L7 120.3c-9.4-9.4-9.4-24.6 0-33.9l22.6-22.6c9.4-9.4 24.6-9.4 33.9 0l96.4 96.4 96.4-96.4c9.4-9.4 24.6-9.4 33.9 0L313 86.3c9.4 9.4 9.4 24.6 0 33.9l-136 136c-9.4 9.5-24.6 9.5-34 .1zm34 192l136-136c9.4-9.4 9.4-24.6 0-33.9l-22.6-22.6c-9.4-9.4-24.6-9.4-33.9 0L160 352.1l-96.4-96.4c-9.4-9.4-24.6-9.4-33.9 0L7 278.3c-9.4 9.4-9.4 24.6 0 33.9l136 136c9.4 9.5 24.6 9.5 34 .1z\"><\/path><\/svg>\t\t\t<\/span>\n\t\t\t\t\t\t\t\t<\/span>\n\t\t\t\t\t<\/a>\n\t\t\t\t<\/div>\n\t\t\t\t\t\t\t\t<\/div>\n\t\t\t\t<\/div>\n\t\t\t\t\t<\/div>\n\t\t\t\t<\/div>\n\t\t<div class=\"elementor-element elementor-element-b42c644 e-flex e-con-boxed e-con e-parent\" data-id=\"b42c644\" data-element_type=\"container\" data-e-type=\"container\" id=\"opis\">\n\t\t\t\t\t<div class=\"e-con-inner\">\n\t\t<div class=\"elementor-element elementor-element-9a11e77 e-con-full e-flex e-con e-child\" data-id=\"9a11e77\" data-element_type=\"container\" data-e-type=\"container\">\n\t\t\t\t<div class=\"elementor-element elementor-element-e4edd59 elementor-widget elementor-widget-image\" data-id=\"e4edd59\" data-element_type=\"widget\" data-e-type=\"widget\" data-widget_type=\"image.default\">\n\t\t\t\t<div class=\"elementor-widget-container\">\n\t\t\t\t\t\t\t\t\t\t\t\t\t\t\t<img decoding=\"async\" width=\"800\" height=\"600\" src=\"https:\/\/brylezbroda.pl\/wp-content\/uploads\/2024\/12\/Bryle-z-broda-Wroclaw-Barbershop-scaled-e1735291016659-1024x768.jpg\" class=\"attachment-large size-large wp-image-466\" alt=\"\" srcset=\"https:\/\/brylezbroda.pl\/wp-content\/uploads\/2024\/12\/Bryle-z-broda-Wroclaw-Barbershop-scaled-e1735291016659-1024x768.jpg 1024w, https:\/\/brylezbroda.pl\/wp-content\/uploads\/2024\/12\/Bryle-z-broda-Wroclaw-Barbershop-scaled-e1735291016659-300x225.jpg 300w, https:\/\/brylezbroda.pl\/wp-content\/uploads\/2024\/12\/Bryle-z-broda-Wroclaw-Barbershop-scaled-e1735291016659-768x576.jpg 768w, https:\/\/brylezbroda.pl\/wp-content\/uploads\/2024\/12\/Bryle-z-broda-Wroclaw-Barbershop-scaled-e1735291016659-1536x1152.jpg 1536w, https:\/\/brylezbroda.pl\/wp-content\/uploads\/2024\/12\/Bryle-z-broda-Wroclaw-Barbershop-scaled-e1735291016659.jpg 1707w\" sizes=\"(max-width: 800px) 100vw, 800px\" \/>\t\t\t\t\t\t\t\t\t\t\t\t\t\t\t<\/div>\n\t\t\t\t<\/div>\n\t\t\t\t<\/div>\n\t\t<div class=\"elementor-element elementor-element-c4687f7 e-con-full e-flex e-con e-child\" data-id=\"c4687f7\" data-element_type=\"container\" data-e-type=\"container\">\n\t\t\t\t<div class=\"elementor-element elementor-element-522f62e elementor-widget elementor-widget-text-editor\" data-id=\"522f62e\" data-element_type=\"widget\" data-e-type=\"widget\" data-widget_type=\"text-editor.default\">\n\t\t\t\t<div class=\"elementor-widget-container\">\n\t\t\t\t\t\t\t\t\t<p><span style=\"font-weight: 400;\">Cze\u015b\u0107! Nazywam si\u0119 Micha\u0142 Bryl<\/span><span style=\"font-weight: 400;\"><br \/><\/span><span style=\"font-weight: 400;\"><br \/><\/span><span style=\"font-weight: 400;\">Kiedy za\u0142o\u017cy\u0142em Bryle z Brod\u0105 to marzy\u0142em, \u017ceby stworzy\u0107 miejsce gdzie klienci b\u0119d\u0105 czu\u0107 si\u0119 naprawd\u0119 dobrze oraz, \u017ce poczuj\u0105 klimat, kt\u00f3ry prowadzi\u0142em w innych barbershopach jak pracowa\u0142em na etacie. <\/span><span style=\"font-weight: 400;\"><br \/><\/span><span style=\"font-weight: 400;\"><br \/><\/span><span style=\"font-weight: 400;\">Kiedy trafisz do nieodpowiedniego barbera lub osiedlowej fryzjerki i nas znajdziesz to b\u0119dziesz wiedzie\u0107 \u017ce: b<\/span><span style=\"font-weight: 400;\">\u0119dzie \u015bmiesznie i weso\u0142o!\u00a0<\/span><\/p>\t\t\t\t\t\t\t\t<\/div>\n\t\t\t\t<\/div>\n\t\t\t\t<\/div>\n\t\t\t\t\t<\/div>\n\t\t\t\t<\/div>\n\t\t<div class=\"elementor-element elementor-element-1c540ba e-flex e-con-boxed e-con e-parent\" data-id=\"1c540ba\" data-element_type=\"container\" data-e-type=\"container\">\n\t\t\t\t\t<div class=\"e-con-inner\">\n\t\t<div class=\"elementor-element elementor-element-6a0ab8f e-con-full e-flex e-con e-child\" data-id=\"6a0ab8f\" data-element_type=\"container\" data-e-type=\"container\">\n\t\t\t\t<div class=\"elementor-element elementor-element-bf6c579 elementor-widget elementor-widget-image\" data-id=\"bf6c579\" data-element_type=\"widget\" data-e-type=\"widget\" data-widget_type=\"image.default\">\n\t\t\t\t<div class=\"elementor-widget-container\">\n\t\t\t\t\t\t\t\t\t\t\t\t\t\t\t<img decoding=\"async\" width=\"800\" height=\"534\" src=\"https:\/\/brylezbroda.pl\/wp-content\/uploads\/2024\/12\/Bryle-z-Brod_-97-of-98-1024x683.jpg\" class=\"attachment-large size-large wp-image-471\" alt=\"\" srcset=\"https:\/\/brylezbroda.pl\/wp-content\/uploads\/2024\/12\/Bryle-z-Brod_-97-of-98-1024x683.jpg 1024w, https:\/\/brylezbroda.pl\/wp-content\/uploads\/2024\/12\/Bryle-z-Brod_-97-of-98-300x200.jpg 300w, https:\/\/brylezbroda.pl\/wp-content\/uploads\/2024\/12\/Bryle-z-Brod_-97-of-98-768x512.jpg 768w, https:\/\/brylezbroda.pl\/wp-content\/uploads\/2024\/12\/Bryle-z-Brod_-97-of-98-1536x1024.jpg 1536w, https:\/\/brylezbroda.pl\/wp-content\/uploads\/2024\/12\/Bryle-z-Brod_-97-of-98-2048x1365.jpg 2048w\" sizes=\"(max-width: 800px) 100vw, 800px\" \/>\t\t\t\t\t\t\t\t\t\t\t\t\t\t\t<\/div>\n\t\t\t\t<\/div>\n\t\t\t\t<\/div>\n\t\t<div class=\"elementor-element elementor-element-dbfc00d e-con-full e-flex e-con e-child\" data-id=\"dbfc00d\" data-element_type=\"container\" data-e-type=\"container\">\n\t\t\t\t<div class=\"elementor-element elementor-element-b09cbf1 elementor-widget elementor-widget-text-editor\" data-id=\"b09cbf1\" data-element_type=\"widget\" data-e-type=\"widget\" data-widget_type=\"text-editor.default\">\n\t\t\t\t<div class=\"elementor-widget-container\">\n\t\t\t\t\t\t\t\t\t<p><span style=\"font-weight: 400;\">Kiedy zejdziesz z fotela i na siebie popatrzysz, to stwierdzisz, \u017ce wygl\u0105dasz genialnie i poczujesz du\u017cy szacunek do swojego barbera <\/span><span style=\"font-weight: 400;\">a nast\u0119pnym razem jak b\u0119dziesz potrzebowa\u0142 si\u0119 ostrzyc to z pe\u0142nym zaufaniem i na luzie um\u00f3wisz si\u0119 do nas z \u0142atwo\u015bci\u0105!<\/span><\/p>\t\t\t\t\t\t\t\t<\/div>\n\t\t\t\t<\/div>\n\t\t\t\t<\/div>\n\t\t\t\t\t<\/div>\n\t\t\t\t<\/div>\n\t\t<div class=\"elementor-element elementor-element-2002119 e-flex e-con-boxed e-con e-parent\" data-id=\"2002119\" data-element_type=\"container\" data-e-type=\"container\">\n\t\t\t\t\t<div class=\"e-con-inner\">\n\t\t<div class=\"elementor-element elementor-element-7a31342 e-con-full e-flex e-con e-child\" data-id=\"7a31342\" data-element_type=\"container\" data-e-type=\"container\">\n\t\t\t\t<div class=\"elementor-element elementor-element-f774c35 elementor-widget elementor-widget-image\" data-id=\"f774c35\" data-element_type=\"widget\" data-e-type=\"widget\" data-widget_type=\"image.default\">\n\t\t\t\t<div class=\"elementor-widget-container\">\n\t\t\t\t\t\t\t\t\t\t\t\t\t\t\t<img loading=\"lazy\" decoding=\"async\" width=\"800\" height=\"533\" src=\"https:\/\/brylezbroda.pl\/wp-content\/uploads\/2025\/01\/WhatsApp-Image-2025-01-07-at-11.23.05-1024x682.jpeg\" class=\"attachment-large size-large wp-image-590\" alt=\"\" srcset=\"https:\/\/brylezbroda.pl\/wp-content\/uploads\/2025\/01\/WhatsApp-Image-2025-01-07-at-11.23.05-1024x682.jpeg 1024w, https:\/\/brylezbroda.pl\/wp-content\/uploads\/2025\/01\/WhatsApp-Image-2025-01-07-at-11.23.05-300x200.jpeg 300w, https:\/\/brylezbroda.pl\/wp-content\/uploads\/2025\/01\/WhatsApp-Image-2025-01-07-at-11.23.05-768x512.jpeg 768w, https:\/\/brylezbroda.pl\/wp-content\/uploads\/2025\/01\/WhatsApp-Image-2025-01-07-at-11.23.05-1536x1023.jpeg 1536w, https:\/\/brylezbroda.pl\/wp-content\/uploads\/2025\/01\/WhatsApp-Image-2025-01-07-at-11.23.05.jpeg 1600w\" sizes=\"(max-width: 800px) 100vw, 800px\" \/>\t\t\t\t\t\t\t\t\t\t\t\t\t\t\t<\/div>\n\t\t\t\t<\/div>\n\t\t\t\t<\/div>\n\t\t<div class=\"elementor-element elementor-element-5f5881a e-con-full e-flex e-con e-child\" data-id=\"5f5881a\" data-element_type=\"container\" data-e-type=\"container\">\n\t\t\t\t<div class=\"elementor-element elementor-element-f147c2b elementor-widget elementor-widget-text-editor\" data-id=\"f147c2b\" data-element_type=\"widget\" data-e-type=\"widget\" data-widget_type=\"text-editor.default\">\n\t\t\t\t<div class=\"elementor-widget-container\">\n\t\t\t\t\t\t\t\t\t<p><span style=\"font-weight: 400;\">Ka\u017cdy barber u nas traktuje Ci\u0119 jak dobrego kumpla, a Ty otrzymasz od <\/span><span style=\"font-weight: 400;\"><br \/><\/span><span style=\"font-weight: 400;\">nas bardzo dobr\u0105 fryzur\u0119 oraz brod\u0119<\/span><span style=\"font-weight: 400;\"><br \/><\/span><span style=\"font-weight: 400;\"><br \/><\/span><span style=\"font-weight: 400;\">Zawsze podgalamy kark brzytw\u0105, \u017ceby Twoja fryzura utrzyma\u0142a si\u0119 jak najd\u0142u\u017cej, \u017ceby w\u0142osy, kt\u00f3re b\u0119d\u0105 Ci odrasta\u0107, by\u0142y widoczne jak najp\u00f3\u017aniej<\/span><\/p>\t\t\t\t\t\t\t\t<\/div>\n\t\t\t\t<\/div>\n\t\t\t\t<\/div>\n\t\t\t\t\t<\/div>\n\t\t\t\t<\/div>\n\t\t<div class=\"elementor-element elementor-element-3486473 e-flex e-con-boxed e-con e-parent\" data-id=\"3486473\" data-element_type=\"container\" data-e-type=\"container\">\n\t\t\t\t\t<div class=\"e-con-inner\">\n\t\t<div class=\"elementor-element elementor-element-a6599cd e-con-full e-flex e-con e-child\" data-id=\"a6599cd\" data-element_type=\"container\" data-e-type=\"container\">\n\t\t\t\t<div class=\"elementor-element elementor-element-c4acb0a elementor-widget elementor-widget-image\" data-id=\"c4acb0a\" data-element_type=\"widget\" data-e-type=\"widget\" data-widget_type=\"image.default\">\n\t\t\t\t<div class=\"elementor-widget-container\">\n\t\t\t\t\t\t\t\t\t\t\t\t\t\t\t<img loading=\"lazy\" decoding=\"async\" width=\"800\" height=\"640\" src=\"https:\/\/brylezbroda.pl\/wp-content\/uploads\/2024\/12\/DSC0819-1024x819.jpg\" class=\"attachment-large size-large wp-image-477\" alt=\"\" srcset=\"https:\/\/brylezbroda.pl\/wp-content\/uploads\/2024\/12\/DSC0819-1024x819.jpg 1024w, https:\/\/brylezbroda.pl\/wp-content\/uploads\/2024\/12\/DSC0819-300x240.jpg 300w, https:\/\/brylezbroda.pl\/wp-content\/uploads\/2024\/12\/DSC0819-768x614.jpg 768w, https:\/\/brylezbroda.pl\/wp-content\/uploads\/2024\/12\/DSC0819-1536x1229.jpg 1536w, https:\/\/brylezbroda.pl\/wp-content\/uploads\/2024\/12\/DSC0819-2048x1639.jpg 2048w\" sizes=\"(max-width: 800px) 100vw, 800px\" \/>\t\t\t\t\t\t\t\t\t\t\t\t\t\t\t<\/div>\n\t\t\t\t<\/div>\n\t\t\t\t<\/div>\n\t\t<div class=\"elementor-element elementor-element-3ed2feb e-con-full e-flex e-con e-child\" data-id=\"3ed2feb\" data-element_type=\"container\" data-e-type=\"container\">\n\t\t\t\t<div class=\"elementor-element elementor-element-c5aa247 elementor-widget elementor-widget-text-editor\" data-id=\"c5aa247\" data-element_type=\"widget\" data-e-type=\"widget\" data-widget_type=\"text-editor.default\">\n\t\t\t\t<div class=\"elementor-widget-container\">\n\t\t\t\t\t\t\t\t\t<p><span style=\"font-weight: 400;\">Nie tylko, skorzystasz u nas z dobrej atmosfery i nietuzinkowego miejsca, ale tak\u017ce do\u015bwiadczysz umiej\u0119tno\u015bci, kt\u00f3rych uczymy regularnie na szkoleniach w naszym barbershopie<\/span><\/p>\t\t\t\t\t\t\t\t<\/div>\n\t\t\t\t<\/div>\n\t\t\t\t<\/div>\n\t\t\t\t\t<\/div>\n\t\t\t\t<\/div>\n\t\t\t\t<\/div>\n\t\t","protected":false},"excerpt":{"rendered":"<p>ZAREZERWUJ NA BOOKSY FACEBOOK INSTAGRAM Cze\u015b\u0107! Nazywam si\u0119 Micha\u0142 Bryl Kiedy za\u0142o\u017cy\u0142em Bryle z Brod\u0105 to marzy\u0142em, \u017ceby stworzy\u0107 miejsce gdzie klienci b\u0119d\u0105 czu\u0107 si\u0119 naprawd\u0119 dobrze oraz, \u017ce poczuj\u0105 klimat, kt\u00f3ry prowadzi\u0142em w innych barbershopach jak pracowa\u0142em na etacie. Kiedy trafisz do nieodpowiedniego barbera lub osiedlowej fryzjerki i nas znajdziesz to b\u0119dziesz wiedzie\u0107 \u017ce: [&hellip;]<\/p>\n","protected":false},"author":1,"featured_media":0,"parent":0,"menu_order":0,"comment_status":"closed","ping_status":"closed","template":"","meta":{"footnotes":""},"class_list":["post-252","page","type-page","status-publish","hentry"],"_links":{"self":[{"href":"https:\/\/brylezbroda.pl\/index.php?rest_route=\/wp\/v2\/pages\/252","targetHints":{"allow":["GET"]}}],"collection":[{"href":"https:\/\/brylezbroda.pl\/index.php?rest_route=\/wp\/v2\/pages"}],"about":[{"href":"https:\/\/brylezbroda.pl\/index.php?rest_route=\/wp\/v2\/types\/page"}],"author":[{"embeddable":true,"href":"https:\/\/brylezbroda.pl\/index.php?rest_route=\/wp\/v2\/users\/1"}],"replies":[{"embeddable":true,"href":"https:\/\/brylezbroda.pl\/index.php?rest_route=%2Fwp%2Fv2%2Fcomments&post=252"}],"version-history":[{"count":174,"href":"https:\/\/brylezbroda.pl\/index.php?rest_route=\/wp\/v2\/pages\/252\/revisions"}],"predecessor-version":[{"id":634,"href":"https:\/\/brylezbroda.pl\/index.php?rest_route=\/wp\/v2\/pages\/252\/revisions\/634"}],"wp:attachment":[{"href":"https:\/\/brylezbroda.pl\/index.php?rest_route=%2Fwp%2Fv2%2Fmedia&parent=252"}],"curies":[{"name":"wp","href":"https:\/\/api.w.org\/{rel}","templated":true}]}}