{"id":261,"date":"2024-12-25T19:44:31","date_gmt":"2024-12-25T19:44:31","guid":{"rendered":"https:\/\/brylezbroda.pl\/?page_id=261"},"modified":"2025-09-11T19:19:59","modified_gmt":"2025-09-11T19:19:59","slug":"o-nas","status":"publish","type":"page","link":"https:\/\/brylezbroda.pl\/?page_id=261","title":{"rendered":"o nas"},"content":{"rendered":"\t\t<div data-elementor-type=\"wp-page\" data-elementor-id=\"261\" class=\"elementor elementor-261\" data-elementor-post-type=\"page\">\n\t\t\t\t<div class=\"elementor-element elementor-element-f3b625c e-flex e-con-boxed e-con e-parent\" data-id=\"f3b625c\" data-element_type=\"container\" data-e-type=\"container\">\n\t\t\t\t\t<div class=\"e-con-inner\">\n\t\t<div class=\"elementor-element elementor-element-3b5d083 e-con-full e-flex e-con e-child\" data-id=\"3b5d083\" data-element_type=\"container\" data-e-type=\"container\">\n\t\t\t\t<div class=\"elementor-element elementor-element-2340a79 elementor-widget elementor-widget-heading\" data-id=\"2340a79\" data-element_type=\"widget\" data-e-type=\"widget\" data-widget_type=\"heading.default\">\n\t\t\t\t<div class=\"elementor-widget-container\">\n\t\t\t\t\t<h2 class=\"elementor-heading-title elementor-size-default\">O Nas<\/h2>\t\t\t\t<\/div>\n\t\t\t\t<\/div>\n\t\t<div class=\"elementor-element elementor-element-45a3f8b e-con-full e-flex e-con e-child\" data-id=\"45a3f8b\" data-element_type=\"container\" data-e-type=\"container\">\n\t\t<div class=\"elementor-element elementor-element-36b022a e-con-full e-flex e-con e-child\" data-id=\"36b022a\" data-element_type=\"container\" data-e-type=\"container\">\n\t\t\t\t<div class=\"elementor-element elementor-element-9d8a15d elementor-widget elementor-widget-heading\" data-id=\"9d8a15d\" data-element_type=\"widget\" data-e-type=\"widget\" data-widget_type=\"heading.default\">\n\t\t\t\t<div class=\"elementor-widget-container\">\n\t\t\t\t\t<h2 class=\"elementor-heading-title elementor-size-default\">Dlaczego my<\/h2>\t\t\t\t<\/div>\n\t\t\t\t<\/div>\n\t\t\t\t<div class=\"elementor-element elementor-element-3967692 elementor-widget__width-initial elementor-widget elementor-widget-text-editor\" data-id=\"3967692\" data-element_type=\"widget\" data-e-type=\"widget\" data-widget_type=\"text-editor.default\">\n\t\t\t\t<div class=\"elementor-widget-container\">\n\t\t\t\t\t\t\t\t\t<p><span style=\"font-weight: 400;\">Kierujemy si\u0119 prawdziw\u0105 pasj\u0105 i po\u015bwi\u0119ceniem dla naszego zawodu, jakim jest barber. Dbamy o oryginalny klimat, \u017ceby\u015b na pewno nas nie pomyli\u0142 z innym barbershopem. Jeste\u015bmy jedyni, kt\u00f3rzy bardzo dobrze si\u0119 integruj\u0105 ze swoimi klientami. Je\u017celi niechcesz rozmawia\u0107 i odpocz\u0105\u0107 te\u017c to zauwa\u017cymy i si\u0119 dostosujemy! Jeste\u015bmy, \u017ceby\u015b wyszed\u0142 ze \u015bwie\u017c\u0105 i dobrze dopasowan\u0105 fryzur\u0105 do Ciebie!<\/span><\/p>\t\t\t\t\t\t\t\t<\/div>\n\t\t\t\t<\/div>\n\t\t\t\t<\/div>\n\t\t<div class=\"elementor-element elementor-element-8e0d5e5 e-con-full e-flex e-con e-child\" data-id=\"8e0d5e5\" data-element_type=\"container\" data-e-type=\"container\" data-settings=\"{&quot;background_background&quot;:&quot;classic&quot;}\">\n\t\t\t\t<div class=\"elementor-element elementor-element-2b4ffc4 elementor-widget elementor-widget-image\" data-id=\"2b4ffc4\" data-element_type=\"widget\" data-e-type=\"widget\" data-widget_type=\"image.default\">\n\t\t\t\t<div class=\"elementor-widget-container\">\n\t\t\t\t\t\t\t\t\t\t\t\t\t\t\t<img fetchpriority=\"high\" decoding=\"async\" width=\"768\" height=\"1024\" src=\"https:\/\/brylezbroda.pl\/wp-content\/uploads\/2025\/09\/WhatsApp-Image-2025-09-11-at-16.45.23-1-768x1024.jpeg\" class=\"attachment-large size-large wp-image-628\" alt=\"\" srcset=\"https:\/\/brylezbroda.pl\/wp-content\/uploads\/2025\/09\/WhatsApp-Image-2025-09-11-at-16.45.23-1-768x1024.jpeg 768w, https:\/\/brylezbroda.pl\/wp-content\/uploads\/2025\/09\/WhatsApp-Image-2025-09-11-at-16.45.23-1-225x300.jpeg 225w, https:\/\/brylezbroda.pl\/wp-content\/uploads\/2025\/09\/WhatsApp-Image-2025-09-11-at-16.45.23-1-1152x1536.jpeg 1152w, https:\/\/brylezbroda.pl\/wp-content\/uploads\/2025\/09\/WhatsApp-Image-2025-09-11-at-16.45.23-1.jpeg 1200w\" sizes=\"(max-width: 768px) 100vw, 768px\" \/>\t\t\t\t\t\t\t\t\t\t\t\t\t\t\t<\/div>\n\t\t\t\t<\/div>\n\t\t\t\t<div class=\"elementor-element elementor-element-a37031c elementor-widget elementor-widget-image\" data-id=\"a37031c\" data-element_type=\"widget\" data-e-type=\"widget\" data-widget_type=\"image.default\">\n\t\t\t\t<div class=\"elementor-widget-container\">\n\t\t\t\t\t\t\t\t\t\t\t\t\t\t\t<img decoding=\"async\" width=\"768\" height=\"1024\" src=\"https:\/\/brylezbroda.pl\/wp-content\/uploads\/2025\/09\/WhatsApp-Image-2025-09-11-at-16.45.23-768x1024.jpeg\" class=\"attachment-large size-large wp-image-627\" alt=\"\" srcset=\"https:\/\/brylezbroda.pl\/wp-content\/uploads\/2025\/09\/WhatsApp-Image-2025-09-11-at-16.45.23-768x1024.jpeg 768w, https:\/\/brylezbroda.pl\/wp-content\/uploads\/2025\/09\/WhatsApp-Image-2025-09-11-at-16.45.23-225x300.jpeg 225w, https:\/\/brylezbroda.pl\/wp-content\/uploads\/2025\/09\/WhatsApp-Image-2025-09-11-at-16.45.23-1152x1536.jpeg 1152w, https:\/\/brylezbroda.pl\/wp-content\/uploads\/2025\/09\/WhatsApp-Image-2025-09-11-at-16.45.23.jpeg 1200w\" sizes=\"(max-width: 768px) 100vw, 768px\" \/>\t\t\t\t\t\t\t\t\t\t\t\t\t\t\t<\/div>\n\t\t\t\t<\/div>\n\t\t\t\t<\/div>\n\t\t\t\t<\/div>\n\t\t<div class=\"elementor-element elementor-element-e0dd7c5 e-con-full elementor-hidden-desktop elementor-hidden-tablet elementor-hidden-mobile e-flex e-con e-child\" data-id=\"e0dd7c5\" data-element_type=\"container\" data-e-type=\"container\">\n\t\t<div class=\"elementor-element elementor-element-b5952c2 e-con-full e-flex e-con e-child\" data-id=\"b5952c2\" data-element_type=\"container\" data-e-type=\"container\">\n\t\t\t\t<div class=\"elementor-element elementor-element-b9a225d elementor-widget elementor-widget-heading\" data-id=\"b9a225d\" data-element_type=\"widget\" data-e-type=\"widget\" data-widget_type=\"heading.default\">\n\t\t\t\t<div class=\"elementor-widget-container\">\n\t\t\t\t\t<h2 class=\"elementor-heading-title elementor-size-default\">Nasza misja<\/h2>\t\t\t\t<\/div>\n\t\t\t\t<\/div>\n\t\t\t\t<div class=\"elementor-element elementor-element-13f9e03 elementor-widget__width-initial elementor-widget elementor-widget-text-editor\" data-id=\"13f9e03\" data-element_type=\"widget\" data-e-type=\"widget\" data-widget_type=\"text-editor.default\">\n\t\t\t\t<div class=\"elementor-widget-container\">\n\t\t\t\t\t\t\t\t\t<p><span style=\"font-weight: 400;\">W\u0142a\u015bciciel Barber Micha\u0142 za\u0142o\u017cy\u0142 ten barbershop z misj\u0105, \u017ceby\u015bmy wszyscy mogli odpocz\u0105\u0107 od trosk \u017cyciowych i by\u0107 zbudowani dobrymi warto\u015bciami, takie jak idealne ci\u0119cie, podgalanie brzytw\u0105 czy po prostu bardzo dobr\u0105 kaw\u0105. <\/span><span style=\"font-weight: 400;\"><br \/><\/span><span style=\"font-weight: 400;\"><br \/><\/span><span style=\"font-weight: 400;\">Wymiana dobrych i z\u0142ych historii oraz w pe\u0142ni si\u0142, \u017ceby po strzy\u017ceniu, ogarnia\u0107 kolejne tematy dzisiejszego dnia<\/span><span style=\"font-weight: 400;\"><br \/><\/span><\/p>\t\t\t\t\t\t\t\t<\/div>\n\t\t\t\t<\/div>\n\t\t\t\t<\/div>\n\t\t<div class=\"elementor-element elementor-element-4d616fc e-con-full e-flex e-con e-child\" data-id=\"4d616fc\" data-element_type=\"container\" data-e-type=\"container\">\n\t\t\t\t<div class=\"elementor-element elementor-element-d323a75 elementor-widget elementor-widget-image\" data-id=\"d323a75\" data-element_type=\"widget\" data-e-type=\"widget\" data-widget_type=\"image.default\">\n\t\t\t\t<div class=\"elementor-widget-container\">\n\t\t\t\t\t\t\t\t\t\t\t\t\t\t\t<img decoding=\"async\" width=\"602\" height=\"605\" src=\"https:\/\/brylezbroda.pl\/wp-content\/uploads\/2024\/12\/dominika.jpg\" class=\"attachment-large size-large wp-image-463\" alt=\"\" srcset=\"https:\/\/brylezbroda.pl\/wp-content\/uploads\/2024\/12\/dominika.jpg 602w, https:\/\/brylezbroda.pl\/wp-content\/uploads\/2024\/12\/dominika-300x300.jpg 300w, https:\/\/brylezbroda.pl\/wp-content\/uploads\/2024\/12\/dominika-150x150.jpg 150w\" sizes=\"(max-width: 602px) 100vw, 602px\" \/>\t\t\t\t\t\t\t\t\t\t\t\t\t\t\t<\/div>\n\t\t\t\t<\/div>\n\t\t\t\t<\/div>\n\t\t\t\t<\/div>\n\t\t<div class=\"elementor-element elementor-element-f722f5d e-con-full elementor-hidden-desktop elementor-hidden-tablet elementor-hidden-mobile e-flex e-con e-child\" data-id=\"f722f5d\" data-element_type=\"container\" data-e-type=\"container\">\n\t\t<div class=\"elementor-element elementor-element-42473bc e-con-full e-flex e-con e-child\" data-id=\"42473bc\" data-element_type=\"container\" data-e-type=\"container\">\n\t\t\t\t<div class=\"elementor-element elementor-element-55ba15c elementor-widget elementor-widget-heading\" data-id=\"55ba15c\" data-element_type=\"widget\" data-e-type=\"widget\" data-widget_type=\"heading.default\">\n\t\t\t\t<div class=\"elementor-widget-container\">\n\t\t\t\t\t<h2 class=\"elementor-heading-title elementor-size-default\">\u0179r\u00f3d\u0142o prawdziwego rzemios\u0142a<\/h2>\t\t\t\t<\/div>\n\t\t\t\t<\/div>\n\t\t\t\t<div class=\"elementor-element elementor-element-c38cb5a elementor-widget__width-initial elementor-widget elementor-widget-text-editor\" data-id=\"c38cb5a\" data-element_type=\"widget\" data-e-type=\"widget\" data-widget_type=\"text-editor.default\">\n\t\t\t\t<div class=\"elementor-widget-container\">\n\t\t\t\t\t\t\t\t\t<p><span style=\"font-weight: 400;\">Pracowa\u0142 w 3 barbershopach, wyszkoli\u0142 mas\u0119 ludzi, czeladnik i mistrz, a najwa\u017cniejsze opiekun fryzjer\u00f3w w obecnym barbershopie. Najtrudniejsze by\u0142o zebranie przez te 9 lat takiej ilo\u015bci szczeg\u00f3\u0142\u00f3w i ciekawostek na temat naszego rzemios\u0142a i naszej bran\u017cy, aby dopasowa\u0107 styl bycia i swobod\u0119 w salonie, \u017ceby nie zapomnie\u0107, jak to kiedy\u015b by\u0142o kiedy w Polsce dzia\u0142ali jeszcze cyrulicy.<\/span><\/p>\t\t\t\t\t\t\t\t<\/div>\n\t\t\t\t<\/div>\n\t\t\t\t<\/div>\n\t\t<div class=\"elementor-element elementor-element-a8abfc7 e-con-full e-flex e-con e-child\" data-id=\"a8abfc7\" data-element_type=\"container\" data-e-type=\"container\">\n\t\t\t\t<div class=\"elementor-element elementor-element-ab2af71 elementor-widget elementor-widget-image\" data-id=\"ab2af71\" data-element_type=\"widget\" data-e-type=\"widget\" data-widget_type=\"image.default\">\n\t\t\t\t<div class=\"elementor-widget-container\">\n\t\t\t\t\t\t\t\t\t\t\t\t\t\t\t<img loading=\"lazy\" decoding=\"async\" width=\"663\" height=\"663\" src=\"https:\/\/brylezbroda.pl\/wp-content\/uploads\/2024\/12\/majki.jpg\" class=\"attachment-large size-large wp-image-462\" alt=\"\" srcset=\"https:\/\/brylezbroda.pl\/wp-content\/uploads\/2024\/12\/majki.jpg 663w, https:\/\/brylezbroda.pl\/wp-content\/uploads\/2024\/12\/majki-300x300.jpg 300w, https:\/\/brylezbroda.pl\/wp-content\/uploads\/2024\/12\/majki-150x150.jpg 150w\" sizes=\"(max-width: 663px) 100vw, 663px\" \/>\t\t\t\t\t\t\t\t\t\t\t\t\t\t\t<\/div>\n\t\t\t\t<\/div>\n\t\t\t\t<\/div>\n\t\t\t\t<\/div>\n\t\t<div class=\"elementor-element elementor-element-a1ad914 e-con-full elementor-hidden-desktop elementor-hidden-tablet elementor-hidden-mobile e-flex e-con e-child\" data-id=\"a1ad914\" data-element_type=\"container\" data-e-type=\"container\">\n\t\t<div class=\"elementor-element elementor-element-9f06ab2 e-con-full e-flex e-con e-child\" data-id=\"9f06ab2\" data-element_type=\"container\" data-e-type=\"container\">\n\t\t\t\t<div class=\"elementor-element elementor-element-4d3664e elementor-widget elementor-widget-heading\" data-id=\"4d3664e\" data-element_type=\"widget\" data-e-type=\"widget\" data-widget_type=\"heading.default\">\n\t\t\t\t<div class=\"elementor-widget-container\">\n\t\t\t\t\t<h2 class=\"elementor-heading-title elementor-size-default\">Co po\u015bwi\u0119camy<\/h2>\t\t\t\t<\/div>\n\t\t\t\t<\/div>\n\t\t\t\t<div class=\"elementor-element elementor-element-a4797ae elementor-widget__width-initial elementor-widget elementor-widget-text-editor\" data-id=\"a4797ae\" data-element_type=\"widget\" data-e-type=\"widget\" data-widget_type=\"text-editor.default\">\n\t\t\t\t<div class=\"elementor-widget-container\">\n\t\t\t\t\t\t\t\t\t<p><span style=\"font-weight: 400;\">Po\u015bwi\u0119camy si\u0119 przede wszystkim Tobie i Twoim potrzebom, je\u017celi cokolwiek by si\u0119 zdarzy\u0142o, \u017ce zauwa\u017cy\u0142by\u015b lub zosta\u0142 potraktowany \u017ale, to od razu nam to powiedz, aby\u015bmy mogli si\u0119 Ciebie nauczy\u0107 jak Ci\u0119 idealne obs\u0142u\u017cy\u0107. Najwa\u017cniejsz\u0105 sztuk\u0105 to nie jedna obs\u0142uga a ponad 300 r\u00f3\u017cnych us\u0142ug w ci\u0105gu miesi\u0105ca, bo ka\u017cdy z nas jest inny i czego innego potrzebuje.<\/span><\/p>\t\t\t\t\t\t\t\t<\/div>\n\t\t\t\t<\/div>\n\t\t\t\t<\/div>\n\t\t<div class=\"elementor-element elementor-element-48cfb94 e-con-full e-flex e-con e-child\" data-id=\"48cfb94\" data-element_type=\"container\" data-e-type=\"container\">\n\t\t\t\t<div class=\"elementor-element elementor-element-6695462 elementor-widget elementor-widget-image\" data-id=\"6695462\" data-element_type=\"widget\" data-e-type=\"widget\" data-widget_type=\"image.default\">\n\t\t\t\t<div class=\"elementor-widget-container\">\n\t\t\t\t\t\t\t\t\t\t\t\t\t\t\t<img loading=\"lazy\" decoding=\"async\" width=\"800\" height=\"804\" src=\"https:\/\/brylezbroda.pl\/wp-content\/uploads\/2024\/12\/paulina-2-1019x1024.jpg\" class=\"attachment-large size-large wp-image-460\" alt=\"\" srcset=\"https:\/\/brylezbroda.pl\/wp-content\/uploads\/2024\/12\/paulina-2-1019x1024.jpg 1019w, https:\/\/brylezbroda.pl\/wp-content\/uploads\/2024\/12\/paulina-2-150x150.jpg 150w, https:\/\/brylezbroda.pl\/wp-content\/uploads\/2024\/12\/paulina-2-768x772.jpg 768w, https:\/\/brylezbroda.pl\/wp-content\/uploads\/2024\/12\/paulina-2.jpg 1298w\" sizes=\"(max-width: 800px) 100vw, 800px\" \/>\t\t\t\t\t\t\t\t\t\t\t\t\t\t\t<\/div>\n\t\t\t\t<\/div>\n\t\t\t\t<\/div>\n\t\t\t\t<\/div>\n\t\t\t\t<\/div>\n\t\t\t\t\t<\/div>\n\t\t\t\t<\/div>\n\t\t\t\t<\/div>\n\t\t","protected":false},"excerpt":{"rendered":"<p>O Nas Dlaczego my Kierujemy si\u0119 prawdziw\u0105 pasj\u0105 i po\u015bwi\u0119ceniem dla naszego zawodu, jakim jest barber. Dbamy o oryginalny klimat, \u017ceby\u015b na pewno nas nie pomyli\u0142 z innym barbershopem. Jeste\u015bmy jedyni, kt\u00f3rzy bardzo dobrze si\u0119 integruj\u0105 ze swoimi klientami. Je\u017celi niechcesz rozmawia\u0107 i odpocz\u0105\u0107 te\u017c to zauwa\u017cymy i si\u0119 dostosujemy! Jeste\u015bmy, \u017ceby\u015b wyszed\u0142 ze \u015bwie\u017c\u0105 [&hellip;]<\/p>\n","protected":false},"author":1,"featured_media":0,"parent":0,"menu_order":0,"comment_status":"closed","ping_status":"closed","template":"","meta":{"footnotes":""},"class_list":["post-261","page","type-page","status-publish","hentry"],"_links":{"self":[{"href":"https:\/\/brylezbroda.pl\/index.php?rest_route=\/wp\/v2\/pages\/261","targetHints":{"allow":["GET"]}}],"collection":[{"href":"https:\/\/brylezbroda.pl\/index.php?rest_route=\/wp\/v2\/pages"}],"about":[{"href":"https:\/\/brylezbroda.pl\/index.php?rest_route=\/wp\/v2\/types\/page"}],"author":[{"embeddable":true,"href":"https:\/\/brylezbroda.pl\/index.php?rest_route=\/wp\/v2\/users\/1"}],"replies":[{"embeddable":true,"href":"https:\/\/brylezbroda.pl\/index.php?rest_route=%2Fwp%2Fv2%2Fcomments&post=261"}],"version-history":[{"count":23,"href":"https:\/\/brylezbroda.pl\/index.php?rest_route=\/wp\/v2\/pages\/261\/revisions"}],"predecessor-version":[{"id":631,"href":"https:\/\/brylezbroda.pl\/index.php?rest_route=\/wp\/v2\/pages\/261\/revisions\/631"}],"wp:attachment":[{"href":"https:\/\/brylezbroda.pl\/index.php?rest_route=%2Fwp%2Fv2%2Fmedia&parent=261"}],"curies":[{"name":"wp","href":"https:\/\/api.w.org\/{rel}","templated":true}]}}